{"id":2945,"date":"2026-03-28T19:14:11","date_gmt":"2026-03-28T19:14:11","guid":{"rendered":"https:\/\/yildizkuyum.com\/?page_id=2945"},"modified":"2026-04-11T10:25:46","modified_gmt":"2026-04-11T10:25:46","slug":"hakkimizda","status":"publish","type":"page","link":"https:\/\/yildizkuyum.com\/site\/hakkimizda\/","title":{"rendered":"Hakk\u0131m\u0131zda"},"content":{"rendered":"\t\t<div data-elementor-type=\"wp-page\" data-elementor-id=\"2945\" class=\"elementor elementor-2945\" data-elementor-post-type=\"page\">\n\t\t\t\t\t\t<section class=\"elementor-section elementor-top-section elementor-element elementor-element-368f850f elementor-section-boxed elementor-section-height-default elementor-section-height-default\" data-id=\"368f850f\" data-element_type=\"section\" data-e-type=\"section\" data-settings=\"{&quot;background_background&quot;:&quot;classic&quot;}\">\n\t\t\t\t\t\t<div class=\"elementor-container elementor-column-gap-default\">\n\t\t\t\t\t<div class=\"elementor-column elementor-col-100 elementor-top-column elementor-element elementor-element-233ddddf\" data-id=\"233ddddf\" data-element_type=\"column\" data-e-type=\"column\">\n\t\t\t<div class=\"elementor-widget-wrap elementor-element-populated\">\n\t\t\t\t\t\t<div class=\"elementor-element elementor-element-3a62e7de elementor-widget elementor-widget-heading\" data-id=\"3a62e7de\" data-element_type=\"widget\" data-e-type=\"widget\" data-widget_type=\"heading.default\">\n\t\t\t\t\t<h2 class=\"elementor-heading-title elementor-size-default\">Hakk\u0131m\u0131zda<\/h2>\t\t\t\t<\/div>\n\t\t\t\t<div class=\"elementor-element elementor-element-60e189f9 elementor-absolute elementor-widget elementor-widget-heading\" data-id=\"60e189f9\" data-element_type=\"widget\" data-e-type=\"widget\" data-settings=\"{&quot;_position&quot;:&quot;absolute&quot;}\" data-widget_type=\"heading.default\">\n\t\t\t\t\t<h2 class=\"elementor-heading-title elementor-size-default\">Y\u0131ld\u0131z Kuyumculuk<\/h2>\t\t\t\t<\/div>\n\t\t\t\t<div class=\"elementor-element elementor-element-46852365 elementor-widget elementor-widget-heading\" data-id=\"46852365\" data-element_type=\"widget\" data-e-type=\"widget\" data-widget_type=\"heading.default\">\n\t\t\t\t\t<h2 class=\"elementor-heading-title elementor-size-default\">Anasayfa \/ Hakk\u0131m\u0131zda<\/h2>\t\t\t\t<\/div>\n\t\t\t\t\t<\/div>\n\t\t<\/div>\n\t\t\t\t\t<\/div>\n\t\t<\/section>\n\t\t\t\t<section class=\"elementor-section elementor-top-section elementor-element elementor-element-5bca91cb elementor-section-boxed elementor-section-height-default elementor-section-height-default\" data-id=\"5bca91cb\" data-element_type=\"section\" data-e-type=\"section\">\n\t\t\t\t\t\t<div class=\"elementor-container elementor-column-gap-default\">\n\t\t\t\t\t<div class=\"elementor-column elementor-col-100 elementor-top-column elementor-element elementor-element-53ca68d0\" data-id=\"53ca68d0\" data-element_type=\"column\" data-e-type=\"column\">\n\t\t\t<div class=\"elementor-widget-wrap elementor-element-populated\">\n\t\t\t\t\t\t<div class=\"elementor-element elementor-element-39edc205 elementor-widget elementor-widget-image\" data-id=\"39edc205\" data-element_type=\"widget\" data-e-type=\"widget\" data-widget_type=\"image.default\">\n\t\t\t\t\t\t\t\t\t\t\t\t\t\t\t<img decoding=\"async\" width=\"300\" height=\"40\" src=\"https:\/\/yildizkuyum.com\/site\/wp-content\/uploads\/2026\/04\/logo-s-300x40.png\" class=\"attachment-medium size-medium wp-image-2979\" alt=\"\" srcset=\"https:\/\/yildizkuyum.com\/site\/wp-content\/uploads\/2026\/04\/logo-s-300x40.png 300w, https:\/\/yildizkuyum.com\/site\/wp-content\/uploads\/2026\/04\/logo-s-768x101.png 768w, https:\/\/yildizkuyum.com\/site\/wp-content\/uploads\/2026\/04\/logo-s-600x79.png 600w, https:\/\/yildizkuyum.com\/site\/wp-content\/uploads\/2026\/04\/logo-s.png 970w\" sizes=\"(max-width: 300px) 100vw, 300px\" \/>\t\t\t\t\t\t\t\t\t\t\t\t\t\t\t<\/div>\n\t\t\t\t\t<\/div>\n\t\t<\/div>\n\t\t\t\t\t<\/div>\n\t\t<\/section>\n\t\t\t\t<section class=\"elementor-section elementor-top-section elementor-element elementor-element-21e3276c elementor-section-boxed elementor-section-height-default elementor-section-height-default\" data-id=\"21e3276c\" data-element_type=\"section\" data-e-type=\"section\">\n\t\t\t\t\t\t<div class=\"elementor-container elementor-column-gap-default\">\n\t\t\t\t\t<div class=\"elementor-column elementor-col-100 elementor-top-column elementor-element elementor-element-72acc754\" data-id=\"72acc754\" data-element_type=\"column\" data-e-type=\"column\">\n\t\t\t<div class=\"elementor-widget-wrap elementor-element-populated\">\n\t\t\t\t\t\t<div class=\"elementor-element elementor-element-3eb29af7 elementor-widget elementor-widget-heading\" data-id=\"3eb29af7\" data-element_type=\"widget\" data-e-type=\"widget\" data-widget_type=\"heading.default\">\n\t\t\t\t\t<h2 class=\"elementor-heading-title elementor-size-default\">YARIM ASIRLIK I\u015eILTI: DO\u011eAN\u015eEH\u0130R\u2019DEN MALATYA\u2019NIN KALB\u0130NE\n\n<\/h2>\t\t\t\t<\/div>\n\t\t\t\t<div class=\"elementor-element elementor-element-749bdf9 elementor-widget elementor-widget-text-editor\" data-id=\"749bdf9\" data-element_type=\"widget\" data-e-type=\"widget\" data-widget_type=\"text-editor.default\">\n\t\t\t\t\t\t\t\t\t<p data-path-to-node=\"4\">1975 y\u0131l\u0131nda Malatya Do\u011fan\u015fehir\u2019de k\u00fc\u00e7\u00fck bir aile i\u015fletmesi olarak temelleri at\u0131lan <b data-path-to-node=\"4\" data-index-in-node=\"84\">Y\u0131ld\u0131z Kuyumculuk<\/b>, bug\u00fcn yar\u0131m asra yakla\u015fan tecr\u00fcbesiyle m\u00fccevherat sekt\u00f6r\u00fcndeki yolculu\u011funa gururla devam ediyor. Kurulu\u015fumuzdan itibaren d\u00fcr\u00fcstl\u00fck ve zarafeti temel ilke edinerek, alt\u0131n\u0131 sadece bir maden de\u011fil, nesiller boyu aktar\u0131lan bir hat\u0131ra olarak g\u00f6rd\u00fck.<\/p><p data-path-to-node=\"5\">Bug\u00fcn <b data-path-to-node=\"5\" data-index-in-node=\"6\">ikinci ku\u015fak<\/b> taraf\u0131ndan y\u00f6netilen i\u015fletmemiz, ailemizden devrald\u0131\u011f\u0131m\u0131z geleneksel esnafl\u0131k ahlak\u0131n\u0131, modern \u00e7a\u011f\u0131n yenilik\u00e7i tasar\u0131mlar\u0131yla birle\u015ftiriyor. Do\u011fan\u015fehir\u2019deki ilk g\u00f6z a\u011fr\u0131m\u0131z olan \u015fubemizin ard\u0131ndan, Malatya merkezde b\u00fcy\u00fcmeye devam ederek hizmet a\u011f\u0131m\u0131z\u0131 geni\u015flettik.<\/p><p data-path-to-node=\"6\">\u015eu an a\u00e7\u0131l\u0131\u015f haz\u0131rl\u0131klar\u0131n\u0131 s\u00fcrd\u00fcrd\u00fc\u011f\u00fcm\u00fcz <b data-path-to-node=\"6\" data-index-in-node=\"42\">4. \u015fubemizle<\/b> birlikte; 1\u2019i Do\u011fan\u015fehir, 3\u2019\u00fc Malatya merkezde olmak \u00fczere toplam 4 noktada sizlerle bulu\u015fman\u0131n heyecan\u0131n\u0131 ya\u015f\u0131yoruz. Y\u0131ld\u0131z Kuyumculuk olarak, en \u00f6zel anlar\u0131n\u0131za e\u015flik eden tak\u0131lar\u0131m\u0131zla, Malatya\u2019n\u0131n g\u00fcvenilir m\u00fccevher markas\u0131 olmaktan mutluluk duyuyoruz.<\/p>\t\t\t\t\t\t\t\t<\/div>\n\t\t\t\t\t<\/div>\n\t\t<\/div>\n\t\t\t\t\t<\/div>\n\t\t<\/section>\n\t\t\t\t<section class=\"elementor-section elementor-top-section elementor-element elementor-element-421f2b44 elementor-section-boxed elementor-section-height-default elementor-section-height-default\" data-id=\"421f2b44\" data-element_type=\"section\" data-e-type=\"section\">\n\t\t\t\t\t\t<div class=\"elementor-container elementor-column-gap-default\">\n\t\t\t\t\t<div class=\"elementor-column elementor-col-50 elementor-top-column elementor-element elementor-element-10e9668d\" data-id=\"10e9668d\" data-element_type=\"column\" data-e-type=\"column\">\n\t\t\t<div class=\"elementor-widget-wrap elementor-element-populated\">\n\t\t\t\t\t\t<div class=\"elementor-element elementor-element-4268de3e elementor-widget elementor-widget-image\" data-id=\"4268de3e\" data-element_type=\"widget\" data-e-type=\"widget\" data-widget_type=\"image.default\">\n\t\t\t\t\t\t\t\t\t\t\t\t\t\t\t<img fetchpriority=\"high\" decoding=\"async\" width=\"1000\" height=\"1400\" src=\"https:\/\/yildizkuyum.com\/site\/wp-content\/uploads\/2026\/04\/hakkimizda-alt-resim-1.jpg\" class=\"attachment-full size-full wp-image-2988\" alt=\"\" \/>\t\t\t\t\t\t\t\t\t\t\t\t\t\t\t<\/div>\n\t\t\t\t\t<\/div>\n\t\t<\/div>\n\t\t\t\t<div class=\"elementor-column elementor-col-50 elementor-top-column elementor-element elementor-element-268e0f3f\" data-id=\"268e0f3f\" data-element_type=\"column\" data-e-type=\"column\" data-settings=\"{&quot;background_background&quot;:&quot;classic&quot;}\">\n\t\t\t<div class=\"elementor-widget-wrap elementor-element-populated\">\n\t\t\t\t\t\t<div class=\"elementor-element elementor-element-16a8c1e7 elementor-widget-divider--separator-type-pattern elementor-widget-divider--view-line elementor-widget elementor-widget-divider\" data-id=\"16a8c1e7\" data-element_type=\"widget\" data-e-type=\"widget\" data-widget_type=\"divider.default\">\n\t\t\t\t\t\t\t<div class=\"elementor-divider\" style=\"--divider-pattern-url: url(&quot;data:image\/svg+xml,%3Csvg xmlns=&#039;http:\/\/www.w3.org\/2000\/svg&#039; preserveAspectRatio=&#039;none&#039; overflow=&#039;visible&#039; height=&#039;100%&#039; viewBox=&#039;0 0 24 24&#039; fill=&#039;black&#039; stroke=&#039;none&#039;%3E%3Cpath d=&#039;M12.7,2.3c-0.4-0.4-1.1-0.4-1.5,0l-8,9.1c-0.3,0.4-0.3,0.9,0,1.2l8,9.1c0.4,0.4,1.1,0.4,1.5,0l8-9.1c0.3-0.4,0.3-0.9,0-1.2L12.7,2.3z&#039;\/%3E%3C\/svg%3E&quot;);\">\n\t\t\t<span class=\"elementor-divider-separator\">\n\t\t\t\t\t\t<\/span>\n\t\t<\/div>\n\t\t\t\t\t\t<\/div>\n\t\t\t\t<div class=\"elementor-element elementor-element-61d5a6e4 elementor-widget elementor-widget-heading\" data-id=\"61d5a6e4\" data-element_type=\"widget\" data-e-type=\"widget\" data-widget_type=\"heading.default\">\n\t\t\t\t\t<h2 class=\"elementor-heading-title elementor-size-default\">Vizyonumuz<\/h2>\t\t\t\t<\/div>\n\t\t\t\t<div class=\"elementor-element elementor-element-48e6d306 elementor-widget elementor-widget-text-editor\" data-id=\"48e6d306\" data-element_type=\"widget\" data-e-type=\"widget\" data-widget_type=\"text-editor.default\">\n\t\t\t\t\t\t\t\t\t<p data-path-to-node=\"9\">Gelenekten ald\u0131\u011f\u0131m\u0131z g\u00fc\u00e7le, Malatya ve \u00e7evresinde kuyumculuk sekt\u00f6r\u00fcn\u00fcn standartlar\u0131n\u0131 belirleyen, yenilik\u00e7i tasar\u0131mlar\u0131 ve sars\u0131lmaz g\u00fcven kalesi imaj\u0131yla nesiller boyu tercih edilen lider bir marka olmak.<\/p>\t\t\t\t\t\t\t\t<\/div>\n\t\t\t\t\t<\/div>\n\t\t<\/div>\n\t\t\t\t\t<\/div>\n\t\t<\/section>\n\t\t\t\t<section class=\"elementor-section elementor-top-section elementor-element elementor-element-d8e6490 elementor-section-boxed elementor-section-height-default elementor-section-height-default\" data-id=\"d8e6490\" data-element_type=\"section\" data-e-type=\"section\">\n\t\t\t\t\t\t<div class=\"elementor-container elementor-column-gap-default\">\n\t\t\t\t\t<div class=\"elementor-column elementor-col-50 elementor-top-column elementor-element elementor-element-981d5d5\" data-id=\"981d5d5\" data-element_type=\"column\" data-e-type=\"column\" data-settings=\"{&quot;background_background&quot;:&quot;classic&quot;}\">\n\t\t\t<div class=\"elementor-widget-wrap elementor-element-populated\">\n\t\t\t\t\t\t<div class=\"elementor-element elementor-element-fa5166d elementor-widget-divider--separator-type-pattern elementor-widget-divider--view-line elementor-widget elementor-widget-divider\" data-id=\"fa5166d\" data-element_type=\"widget\" data-e-type=\"widget\" data-widget_type=\"divider.default\">\n\t\t\t\t\t\t\t<div class=\"elementor-divider\" style=\"--divider-pattern-url: url(&quot;data:image\/svg+xml,%3Csvg xmlns=&#039;http:\/\/www.w3.org\/2000\/svg&#039; preserveAspectRatio=&#039;none&#039; overflow=&#039;visible&#039; height=&#039;100%&#039; viewBox=&#039;0 0 24 24&#039; fill=&#039;black&#039; stroke=&#039;none&#039;%3E%3Cpath d=&#039;M12.7,2.3c-0.4-0.4-1.1-0.4-1.5,0l-8,9.1c-0.3,0.4-0.3,0.9,0,1.2l8,9.1c0.4,0.4,1.1,0.4,1.5,0l8-9.1c0.3-0.4,0.3-0.9,0-1.2L12.7,2.3z&#039;\/%3E%3C\/svg%3E&quot;);\">\n\t\t\t<span class=\"elementor-divider-separator\">\n\t\t\t\t\t\t<\/span>\n\t\t<\/div>\n\t\t\t\t\t\t<\/div>\n\t\t\t\t<div class=\"elementor-element elementor-element-eb25b2e elementor-widget elementor-widget-heading\" data-id=\"eb25b2e\" data-element_type=\"widget\" data-e-type=\"widget\" data-widget_type=\"heading.default\">\n\t\t\t\t\t<h2 class=\"elementor-heading-title elementor-size-default\">Misyonumuz<\/h2>\t\t\t\t<\/div>\n\t\t\t\t<div class=\"elementor-element elementor-element-1df6ebd elementor-widget elementor-widget-text-editor\" data-id=\"1df6ebd\" data-element_type=\"widget\" data-e-type=\"widget\" data-widget_type=\"text-editor.default\">\n\t\t\t\t\t\t\t\t\t<p data-path-to-node=\"12\">1975\u2019ten bu yana de\u011fi\u015fmeyen &#8220;\u00f6nce g\u00fcven&#8221; ilkemizle; m\u00fc\u015fterilerimize en kaliteli i\u015f\u00e7ili\u011fi, en do\u011fru de\u011ferlemeyi ve en \u015f\u0131k tasar\u0131mlar\u0131 sunmak. Aile s\u0131cakl\u0131\u011f\u0131n\u0131 profesyonel hizmetle birle\u015ftirerek, m\u00fccevher al\u0131\u015fveri\u015fini her bir misafirimiz i\u00e7in unutulmaz ve de\u011ferli bir deneyime d\u00f6n\u00fc\u015ft\u00fcrmek.<\/p>\t\t\t\t\t\t\t\t<\/div>\n\t\t\t\t\t<\/div>\n\t\t<\/div>\n\t\t\t\t<div class=\"elementor-column elementor-col-50 elementor-top-column elementor-element elementor-element-b61b772\" data-id=\"b61b772\" data-element_type=\"column\" data-e-type=\"column\">\n\t\t\t<div class=\"elementor-widget-wrap elementor-element-populated\">\n\t\t\t\t\t\t<div class=\"elementor-element elementor-element-04055b3 elementor-widget elementor-widget-image\" data-id=\"04055b3\" data-element_type=\"widget\" data-e-type=\"widget\" data-widget_type=\"image.default\">\n\t\t\t\t\t\t\t\t\t\t\t\t\t\t\t<img decoding=\"async\" width=\"1000\" height=\"1500\" src=\"https:\/\/yildizkuyum.com\/site\/wp-content\/uploads\/2026\/04\/hakkimizda-alt-resim-2.jpg\" class=\"attachment-full size-full wp-image-2994\" alt=\"\" srcset=\"https:\/\/yildizkuyum.com\/site\/wp-content\/uploads\/2026\/04\/hakkimizda-alt-resim-2.jpg 1000w, https:\/\/yildizkuyum.com\/site\/wp-content\/uploads\/2026\/04\/hakkimizda-alt-resim-2-200x300.jpg 200w, https:\/\/yildizkuyum.com\/site\/wp-content\/uploads\/2026\/04\/hakkimizda-alt-resim-2-683x1024.jpg 683w, https:\/\/yildizkuyum.com\/site\/wp-content\/uploads\/2026\/04\/hakkimizda-alt-resim-2-768x1152.jpg 768w, https:\/\/yildizkuyum.com\/site\/wp-content\/uploads\/2026\/04\/hakkimizda-alt-resim-2-600x900.jpg 600w\" sizes=\"(max-width: 1000px) 100vw, 1000px\" \/>\t\t\t\t\t\t\t\t\t\t\t\t\t\t\t<\/div>\n\t\t\t\t\t<\/div>\n\t\t<\/div>\n\t\t\t\t\t<\/div>\n\t\t<\/section>\n\t\t\t\t<section class=\"elementor-section elementor-top-section elementor-element elementor-element-5bfa15e8 elementor-reverse-mobile elementor-section-boxed elementor-section-height-default elementor-section-height-default\" data-id=\"5bfa15e8\" data-element_type=\"section\" data-e-type=\"section\">\n\t\t\t\t\t\t<div class=\"elementor-container elementor-column-gap-default\">\n\t\t\t\t\t<div class=\"elementor-column elementor-col-50 elementor-top-column elementor-element elementor-element-f0b56f7\" data-id=\"f0b56f7\" data-element_type=\"column\" data-e-type=\"column\">\n\t\t\t<div class=\"elementor-widget-wrap elementor-element-populated\">\n\t\t\t\t\t\t<section class=\"elementor-section elementor-inner-section elementor-element elementor-element-38b38935 elementor-section-boxed elementor-section-height-default elementor-section-height-default\" data-id=\"38b38935\" data-element_type=\"section\" data-e-type=\"section\">\n\t\t\t\t\t\t<div class=\"elementor-container elementor-column-gap-default\">\n\t\t\t\t\t<div class=\"elementor-column elementor-col-50 elementor-inner-column elementor-element elementor-element-65112493\" data-id=\"65112493\" data-element_type=\"column\" data-e-type=\"column\">\n\t\t\t<div class=\"elementor-widget-wrap elementor-element-populated\">\n\t\t\t\t\t\t<div class=\"elementor-element elementor-element-54bbbf09 elementor-widget elementor-widget-heading\" data-id=\"54bbbf09\" data-element_type=\"widget\" data-e-type=\"widget\" data-widget_type=\"heading.default\">\n\t\t\t\t\t<h2 class=\"elementor-heading-title elementor-size-default\">1. Ad\u0131m: <\/h2>\t\t\t\t<\/div>\n\t\t\t\t\t<\/div>\n\t\t<\/div>\n\t\t\t\t<div class=\"elementor-column elementor-col-50 elementor-inner-column elementor-element elementor-element-361befd7\" data-id=\"361befd7\" data-element_type=\"column\" data-e-type=\"column\">\n\t\t\t<div class=\"elementor-widget-wrap elementor-element-populated\">\n\t\t\t\t\t\t<div class=\"elementor-element elementor-element-74f80239 elementor-widget elementor-widget-heading\" data-id=\"74f80239\" data-element_type=\"widget\" data-e-type=\"widget\" data-widget_type=\"heading.default\">\n\t\t\t\t\t<h2 class=\"elementor-heading-title elementor-size-default\">Tasar\u0131m ve Planlama<\/h2>\t\t\t\t<\/div>\n\t\t\t\t\t<\/div>\n\t\t<\/div>\n\t\t\t\t\t<\/div>\n\t\t<\/section>\n\t\t\t\t<div class=\"elementor-element elementor-element-23d2c1fc elementor-widget elementor-widget-text-editor\" data-id=\"23d2c1fc\" data-element_type=\"widget\" data-e-type=\"widget\" data-widget_type=\"text-editor.default\">\n\t\t\t\t\t\t\t\t\t<p>Her de\u011ferli m\u00fccevher, bir hayalle ba\u015flar. Sizin i\u00e7in en anlaml\u0131 olan\u0131 belirlemek ad\u0131na, uzman ekibimizle birlikte se\u00e7kin ta\u015flar\u0131 ve metalleri titizlikle planl\u0131yoruz. Modern \u00e7izgileri, 1975\u2019ten gelen tecr\u00fcbemizle harmanlayarak ilk ad\u0131m\u0131 at\u0131yoruz.<\/p>\t\t\t\t\t\t\t\t<\/div>\n\t\t\t\t\t<\/div>\n\t\t<\/div>\n\t\t\t\t<div class=\"elementor-column elementor-col-50 elementor-top-column elementor-element elementor-element-54f1c5f3\" data-id=\"54f1c5f3\" data-element_type=\"column\" data-e-type=\"column\">\n\t\t\t<div class=\"elementor-widget-wrap elementor-element-populated\">\n\t\t\t\t\t\t<div class=\"elementor-element elementor-element-7cb983e5 elementor-widget elementor-widget-image\" data-id=\"7cb983e5\" data-element_type=\"widget\" data-e-type=\"widget\" data-widget_type=\"image.default\">\n\t\t\t\t\t\t\t\t\t\t\t\t\t\t\t<img loading=\"lazy\" decoding=\"async\" width=\"1000\" height=\"667\" src=\"https:\/\/yildizkuyum.com\/site\/wp-content\/uploads\/2026\/04\/hakkimizda-en-alt-1.jpg\" class=\"attachment-full size-full wp-image-2999\" alt=\"\" srcset=\"https:\/\/yildizkuyum.com\/site\/wp-content\/uploads\/2026\/04\/hakkimizda-en-alt-1.jpg 1000w, https:\/\/yildizkuyum.com\/site\/wp-content\/uploads\/2026\/04\/hakkimizda-en-alt-1-300x200.jpg 300w, https:\/\/yildizkuyum.com\/site\/wp-content\/uploads\/2026\/04\/hakkimizda-en-alt-1-768x512.jpg 768w, https:\/\/yildizkuyum.com\/site\/wp-content\/uploads\/2026\/04\/hakkimizda-en-alt-1-600x400.jpg 600w\" sizes=\"(max-width: 1000px) 100vw, 1000px\" \/>\t\t\t\t\t\t\t\t\t\t\t\t\t\t\t<\/div>\n\t\t\t\t\t<\/div>\n\t\t<\/div>\n\t\t\t\t\t<\/div>\n\t\t<\/section>\n\t\t\t\t<section class=\"elementor-section elementor-top-section elementor-element elementor-element-22ace276 elementor-section-boxed elementor-section-height-default elementor-section-height-default\" data-id=\"22ace276\" data-element_type=\"section\" data-e-type=\"section\">\n\t\t\t\t\t\t<div class=\"elementor-container elementor-column-gap-default\">\n\t\t\t\t\t<div class=\"elementor-column elementor-col-50 elementor-top-column elementor-element elementor-element-216f66b7\" data-id=\"216f66b7\" data-element_type=\"column\" data-e-type=\"column\" data-settings=\"{&quot;background_background&quot;:&quot;classic&quot;}\">\n\t\t\t<div class=\"elementor-widget-wrap elementor-element-populated\">\n\t\t\t\t\t\t<section class=\"elementor-section elementor-inner-section elementor-element elementor-element-b61beee elementor-section-boxed elementor-section-height-default elementor-section-height-default\" data-id=\"b61beee\" data-element_type=\"section\" data-e-type=\"section\">\n\t\t\t\t\t\t<div class=\"elementor-container elementor-column-gap-default\">\n\t\t\t\t\t<div class=\"elementor-column elementor-col-50 elementor-inner-column elementor-element elementor-element-121ef509\" data-id=\"121ef509\" data-element_type=\"column\" data-e-type=\"column\">\n\t\t\t<div class=\"elementor-widget-wrap elementor-element-populated\">\n\t\t\t\t\t\t<div class=\"elementor-element elementor-element-31f1430f elementor-widget elementor-widget-heading\" data-id=\"31f1430f\" data-element_type=\"widget\" data-e-type=\"widget\" data-widget_type=\"heading.default\">\n\t\t\t\t\t<h2 class=\"elementor-heading-title elementor-size-default\">2. Ad\u0131m: <\/h2>\t\t\t\t<\/div>\n\t\t\t\t\t<\/div>\n\t\t<\/div>\n\t\t\t\t<div class=\"elementor-column elementor-col-50 elementor-inner-column elementor-element elementor-element-391831e0\" data-id=\"391831e0\" data-element_type=\"column\" data-e-type=\"column\">\n\t\t\t<div class=\"elementor-widget-wrap elementor-element-populated\">\n\t\t\t\t\t\t<div class=\"elementor-element elementor-element-47eb719d elementor-widget elementor-widget-heading\" data-id=\"47eb719d\" data-element_type=\"widget\" data-e-type=\"widget\" data-widget_type=\"heading.default\">\n\t\t\t\t\t<h2 class=\"elementor-heading-title elementor-size-default\">El \u0130\u015f\u00e7ili\u011fi ve Sanat<\/h2>\t\t\t\t<\/div>\n\t\t\t\t\t<\/div>\n\t\t<\/div>\n\t\t\t\t\t<\/div>\n\t\t<\/section>\n\t\t\t\t<div class=\"elementor-element elementor-element-7316c243 elementor-widget elementor-widget-text-editor\" data-id=\"7316c243\" data-element_type=\"widget\" data-e-type=\"widget\" data-widget_type=\"text-editor.default\">\n\t\t\t\t\t\t\t\t\t<p>Taslaklar, zanaatk\u00e2rlar\u0131m\u0131z\u0131n ellerinde hayat bulur. Alt\u0131n ve de\u011ferli ta\u015flar, geleneksel teknikler ve g\u00fcncel teknoloji kullan\u0131larak b\u00fcy\u00fck bir sab\u0131rla i\u015flenir. Y\u0131ld\u0131z Kuyumculuk imzas\u0131n\u0131 ta\u015f\u0131yan her par\u00e7a, sadece bir tak\u0131 de\u011fil, ya\u015fayan bir sanat eseridir.<\/p>\t\t\t\t\t\t\t\t<\/div>\n\t\t\t\t\t<\/div>\n\t\t<\/div>\n\t\t\t\t<div class=\"elementor-column elementor-col-50 elementor-top-column elementor-element elementor-element-7938ddc0\" data-id=\"7938ddc0\" data-element_type=\"column\" data-e-type=\"column\">\n\t\t\t<div class=\"elementor-widget-wrap elementor-element-populated\">\n\t\t\t\t\t\t<section class=\"elementor-section elementor-inner-section elementor-element elementor-element-6177f23a elementor-section-boxed elementor-section-height-default elementor-section-height-default\" data-id=\"6177f23a\" data-element_type=\"section\" data-e-type=\"section\">\n\t\t\t\t\t\t<div class=\"elementor-container elementor-column-gap-default\">\n\t\t\t\t\t<div class=\"elementor-column elementor-col-50 elementor-inner-column elementor-element elementor-element-5368d3e6\" data-id=\"5368d3e6\" data-element_type=\"column\" data-e-type=\"column\">\n\t\t\t<div class=\"elementor-widget-wrap elementor-element-populated\">\n\t\t\t\t\t\t<div class=\"elementor-element elementor-element-10d31e4 elementor-widget elementor-widget-heading\" data-id=\"10d31e4\" data-element_type=\"widget\" data-e-type=\"widget\" data-widget_type=\"heading.default\">\n\t\t\t\t\t<h2 class=\"elementor-heading-title elementor-size-default\">3. Ad\u0131m:<\/h2>\t\t\t\t<\/div>\n\t\t\t\t\t<\/div>\n\t\t<\/div>\n\t\t\t\t<div class=\"elementor-column elementor-col-50 elementor-inner-column elementor-element elementor-element-117c43a8\" data-id=\"117c43a8\" data-element_type=\"column\" data-e-type=\"column\">\n\t\t\t<div class=\"elementor-widget-wrap elementor-element-populated\">\n\t\t\t\t\t\t<div class=\"elementor-element elementor-element-76df4d0d elementor-widget elementor-widget-heading\" data-id=\"76df4d0d\" data-element_type=\"widget\" data-e-type=\"widget\" data-widget_type=\"heading.default\">\n\t\t\t\t\t<h2 class=\"elementor-heading-title elementor-size-default\">M\u00fckemmel Detaylar<\/h2>\t\t\t\t<\/div>\n\t\t\t\t\t<\/div>\n\t\t<\/div>\n\t\t\t\t\t<\/div>\n\t\t<\/section>\n\t\t\t\t<div class=\"elementor-element elementor-element-21d09a82 elementor-widget elementor-widget-text-editor\" data-id=\"21d09a82\" data-element_type=\"widget\" data-e-type=\"widget\" data-widget_type=\"text-editor.default\">\n\t\t\t\t\t\t\t\t\t<p>\u00dcretimin son a\u015famas\u0131nda, her bir detay kalite kontrol\u00fcm\u00fczden ge\u00e7er. Parlatma ve son r\u00f6tu\u015flarla m\u00fccevheriniz en y\u00fcksek \u0131\u015f\u0131lt\u0131s\u0131na kavu\u015fur. Sizlere sadece bir \u00fcr\u00fcn de\u011fil, nesiller boyu g\u00fcvenle ta\u015f\u0131yaca\u011f\u0131n\u0131z bir aile yadigar\u0131 sunuyoruz.<\/p>\t\t\t\t\t\t\t\t<\/div>\n\t\t\t\t\t<\/div>\n\t\t<\/div>\n\t\t\t\t\t<\/div>\n\t\t<\/section>\n\t\t\t\t<\/div>\n\t\t","protected":false},"excerpt":{"rendered":"<p>Hakk\u0131m\u0131zda Y\u0131ld\u0131z Kuyumculuk Anasayfa \/ Hakk\u0131m\u0131zda YARIM ASIRLIK I\u015eILTI: DO\u011eAN\u015eEH\u0130R\u2019DEN MALATYA\u2019NIN KALB\u0130NE 1975 y\u0131l\u0131nda Malatya Do\u011fan\u015fehir\u2019de k\u00fc\u00e7\u00fck bir aile i\u015fletmesi olarak temelleri at\u0131lan Y\u0131ld\u0131z Kuyumculuk, bug\u00fcn yar\u0131m asra yakla\u015fan tecr\u00fcbesiyle m\u00fccevherat sekt\u00f6r\u00fcndeki yolculu\u011funa gururla devam ediyor. Kurulu\u015fumuzdan itibaren d\u00fcr\u00fcstl\u00fck ve zarafeti temel ilke edinerek, alt\u0131n\u0131 sadece bir maden de\u011fil, nesiller boyu aktar\u0131lan bir hat\u0131ra olarak [&hellip;]<\/p>\n","protected":false},"author":1,"featured_media":0,"parent":0,"menu_order":0,"comment_status":"closed","ping_status":"closed","template":"elementor_header_footer","meta":{"footnotes":""},"class_list":["post-2945","page","type-page","status-publish","hentry"],"_links":{"self":[{"href":"https:\/\/yildizkuyum.com\/site\/wp-json\/wp\/v2\/pages\/2945","targetHints":{"allow":["GET"]}}],"collection":[{"href":"https:\/\/yildizkuyum.com\/site\/wp-json\/wp\/v2\/pages"}],"about":[{"href":"https:\/\/yildizkuyum.com\/site\/wp-json\/wp\/v2\/types\/page"}],"author":[{"embeddable":true,"href":"https:\/\/yildizkuyum.com\/site\/wp-json\/wp\/v2\/users\/1"}],"replies":[{"embeddable":true,"href":"https:\/\/yildizkuyum.com\/site\/wp-json\/wp\/v2\/comments?post=2945"}],"version-history":[{"count":25,"href":"https:\/\/yildizkuyum.com\/site\/wp-json\/wp\/v2\/pages\/2945\/revisions"}],"predecessor-version":[{"id":3005,"href":"https:\/\/yildizkuyum.com\/site\/wp-json\/wp\/v2\/pages\/2945\/revisions\/3005"}],"wp:attachment":[{"href":"https:\/\/yildizkuyum.com\/site\/wp-json\/wp\/v2\/media?parent=2945"}],"curies":[{"name":"wp","href":"https:\/\/api.w.org\/{rel}","templated":true}]}}